{"id":1824,"date":"2026-01-15T16:25:31","date_gmt":"2026-01-15T16:25:31","guid":{"rendered":"https:\/\/apassionat.com\/?page_id=1824"},"modified":"2026-01-23T11:18:58","modified_gmt":"2026-01-23T11:18:58","slug":"aviso-legal","status":"publish","type":"page","link":"https:\/\/apassionat.com\/es\/aviso-legal\/","title":{"rendered":"AVISO LEGAL"},"content":{"rendered":"<div data-elementor-type=\"wp-page\" data-elementor-id=\"1824\" class=\"elementor elementor-1824\" data-elementor-post-type=\"page\">\n\t\t\t\t<div class=\"elementor-element elementor-element-4a1b981 e-con-full e-flex e-con e-parent\" data-id=\"4a1b981\" data-element_type=\"container\" data-settings=\"{&quot;background_background&quot;:&quot;classic&quot;}\">\n\t\t<div class=\"elementor-element elementor-element-7a6b3c8 e-flex e-con-boxed e-con e-child\" data-id=\"7a6b3c8\" data-element_type=\"container\">\n\t\t\t\t\t<div class=\"e-con-inner\">\n\t\t\t\t<div class=\"elementor-element elementor-element-c7345d2 elementor-widget elementor-widget-heading\" data-id=\"c7345d2\" data-element_type=\"widget\" data-widget_type=\"heading.default\">\n\t\t\t\t<div class=\"elementor-widget-container\">\n\t\t\t\t\t<h1 class=\"elementor-heading-title elementor-size-default\">AVIS LEGAL<\/h1>\t\t\t\t<\/div>\n\t\t\t\t<\/div>\n\t\t\t\t\t<\/div>\n\t\t\t\t<\/div>\n\t\t\t\t<\/div>\n\t\t<div class=\"elementor-element elementor-element-4e315cd e-flex e-con-boxed e-con e-parent\" data-id=\"4e315cd\" data-element_type=\"container\" data-settings=\"{&quot;background_background&quot;:&quot;classic&quot;}\">\n\t\t\t\t\t<div class=\"e-con-inner\">\n\t\t<div class=\"elementor-element elementor-element-763dacc e-con-full e-flex e-con e-child\" data-id=\"763dacc\" data-element_type=\"container\">\n\t\t\t\t<div class=\"elementor-element elementor-element-c9dde2c elementor-widget elementor-widget-text-editor\" data-id=\"c9dde2c\" data-element_type=\"widget\" data-widget_type=\"text-editor.default\">\n\t\t\t\t<div class=\"elementor-widget-container\">\n\t\t\t\t\t\t\t\t\t<p>En compliment del que disposa la Llei 34\/2002, d\u201911 de juliol, de serveis de la societat de la informaci\u00f3 i de comer\u00e7 electr\u00f2nic (LSSI-CE), s\u2019informa de les seg\u00fcents dades:<\/p><p>Titular del lloc web:<br \/>MINGUET DE PAU, S.L.<br \/>CIF: B66802208<br \/>Domicili social: Carrer de Sant Salvador, 44, 08291 Ripollet, Barcelona<br \/>Correu electr\u00f2nic: minguetdepau@gmail.com<\/p><p>Tel\u00e8fon: 654 517 517<br \/>Nom comercial: Apassiona\u2019t<br \/>Domini web: www.apassionat.com<\/p><p>L\u2019acc\u00e9s i \u00fas d\u2019aquest lloc web atribueix la condici\u00f3 d\u2019usuari i implica l\u2019acceptaci\u00f3 plena de les condicions aqu\u00ed reflectides.<\/p><p>RESPONSABILITAT<\/p><p>MINGUET DE PAU, S.L. no es fa responsable dels danys o perjudicis derivats de l\u2019\u00fas de la informaci\u00f3 del lloc web ni de possibles errors o omissions en els continguts, tot i que es compromet a adoptar totes les mesures necess\u00e0ries per evitar-los.<\/p><p>PROPIETAT INTEL\u00b7LECTUAL I INDUSTRIAL<\/p><p>Tots els continguts del lloc web (textos, imatges, disseny gr\u00e0fic, logotips, icones, programari, etc.) s\u00f3n propietat de MINGUET DE PAU, S.L. o disposa dels drets d\u2019\u00fas corresponents, i estan protegits per la normativa vigent en mat\u00e8ria de propietat intel\u00b7lectual i industrial.<\/p><p>Queda prohibida la reproducci\u00f3, distribuci\u00f3 o comunicaci\u00f3 p\u00fablica, total o parcial, sense l\u2019autoritzaci\u00f3 expressa del titular.<\/p><p>CONDICIONS D\u2019\u00daS<\/p><p>L\u2019usuari es compromet a utilitzar aquest lloc web i els seus continguts de manera l\u00edcita, sense realitzar activitats que puguin danyar, sobrecarregar o deteriorar el lloc web ni impedir el seu funcionament normal.<\/p><p>Apassiona\u2019t es reserva el dret de modificar, en qualsevol moment i sense av\u00eds previ, la informaci\u00f3 continguda al lloc web, aix\u00ed com la seva configuraci\u00f3 i presentaci\u00f3.<\/p>\t\t\t\t\t\t\t\t<\/div>\n\t\t\t\t<\/div>\n\t\t\t\t<\/div>\n\t\t\t\t\t<\/div>\n\t\t\t\t<\/div>\n\t\t<div class=\"elementor-element elementor-element-cf98510 e-con-full e-flex e-con e-parent\" data-id=\"cf98510\" data-element_type=\"container\">\n\t\t<div class=\"elementor-element elementor-element-0263022 e-flex e-con-boxed e-con e-child\" data-id=\"0263022\" data-element_type=\"container\" data-settings=\"{&quot;background_background&quot;:&quot;classic&quot;}\">\n\t\t\t\t\t<div class=\"e-con-inner\">\n\t\t<div class=\"elementor-element elementor-element-43136fe e-con-full e-flex e-con e-child\" data-id=\"43136fe\" data-element_type=\"container\">\n\t\t\t\t<div class=\"elementor-element elementor-element-c313748 elementor-widget elementor-widget-heading\" data-id=\"c313748\" data-element_type=\"widget\" data-widget_type=\"heading.default\">\n\t\t\t\t<div class=\"elementor-widget-container\">\n\t\t\t\t\t<h3 class=\"elementor-heading-title elementor-size-default\"><a href=\"https:\/\/apassionat.com\/es\/qui-som-2\/\">\u00bfQUI\u00c9NES SOMOS?<\/a><\/h3>\t\t\t\t<\/div>\n\t\t\t\t<\/div>\n\t\t\t\t<\/div>\n\t\t\t\t\t<\/div>\n\t\t\t\t<\/div>\n\t\t<div class=\"elementor-element elementor-element-7edb2d0 e-flex e-con-boxed e-con e-child\" data-id=\"7edb2d0\" data-element_type=\"container\" data-settings=\"{&quot;background_background&quot;:&quot;classic&quot;}\">\n\t\t\t\t\t<div class=\"e-con-inner\">\n\t\t<div class=\"elementor-element elementor-element-63e40fa e-con-full e-flex e-con e-child\" data-id=\"63e40fa\" data-element_type=\"container\">\n\t\t\t\t<div class=\"elementor-element elementor-element-7af8d77 elementor-widget elementor-widget-heading\" data-id=\"7af8d77\" data-element_type=\"widget\" data-widget_type=\"heading.default\">\n\t\t\t\t<div class=\"elementor-widget-container\">\n\t\t\t\t\t<h3 class=\"elementor-heading-title elementor-size-default\"><a href=\"https:\/\/apassionat.com\/es\/que-fem\/\">\u00bfQU\u00c9 HACEMOS?<\/a><\/h3>\t\t\t\t<\/div>\n\t\t\t\t<\/div>\n\t\t\t\t<\/div>\n\t\t\t\t\t<\/div>\n\t\t\t\t<\/div>\n\t\t<div class=\"elementor-element elementor-element-f490683 e-flex e-con-boxed e-con e-child\" data-id=\"f490683\" data-element_type=\"container\" data-settings=\"{&quot;background_background&quot;:&quot;classic&quot;}\">\n\t\t\t\t\t<div class=\"e-con-inner\">\n\t\t<div class=\"elementor-element elementor-element-e913ebf e-con-full e-flex e-con e-child\" data-id=\"e913ebf\" data-element_type=\"container\">\n\t\t\t\t<div class=\"elementor-element elementor-element-8815ca1 elementor-widget elementor-widget-heading\" data-id=\"8815ca1\" data-element_type=\"widget\" data-widget_type=\"heading.default\">\n\t\t\t\t<div class=\"elementor-widget-container\">\n\t\t\t\t\t<h3 class=\"elementor-heading-title elementor-size-default\"><a href=\"https:\/\/apassionat.com\/es\/ecologic-2\/\">DIADAS<\/a><\/h3>\t\t\t\t<\/div>\n\t\t\t\t<\/div>\n\t\t\t\t<\/div>\n\t\t\t\t\t<\/div>\n\t\t\t\t<\/div>\n\t\t<div class=\"elementor-element elementor-element-86141a4 e-flex e-con-boxed e-con e-child\" data-id=\"86141a4\" data-element_type=\"container\" data-settings=\"{&quot;background_background&quot;:&quot;classic&quot;}\">\n\t\t\t\t\t<div class=\"e-con-inner\">\n\t\t<div class=\"elementor-element elementor-element-91bf9d7 e-con-full e-flex e-con e-child\" data-id=\"91bf9d7\" data-element_type=\"container\">\n\t\t\t\t<div class=\"elementor-element elementor-element-fb36ad9 elementor-widget elementor-widget-heading\" data-id=\"fb36ad9\" data-element_type=\"widget\" data-widget_type=\"heading.default\">\n\t\t\t\t<div class=\"elementor-widget-container\">\n\t\t\t\t\t<h3 class=\"elementor-heading-title elementor-size-default\"><a href=\"https:\/\/apassionat.com\/es\/on-estem\/\">\u00bfD\u00d3NDE ESTAMOS?<\/a><\/h3>\t\t\t\t<\/div>\n\t\t\t\t<\/div>\n\t\t\t\t<\/div>\n\t\t\t\t\t<\/div>\n\t\t\t\t<\/div>\n\t\t\t\t<\/div>\n\t\t\t\t<\/div>","protected":false},"excerpt":{"rendered":"<p>AVIS LEGAL En compliment del que disposa la Llei 34\/2002, d\u201911 de juliol, de serveis de la societat de la informaci\u00f3 i de comer\u00e7 electr\u00f2nic (LSSI-CE), s\u2019informa de les seg\u00fcents dades: Titular del lloc web:MINGUET DE PAU, S.L.CIF: B66802208Domicili social: Carrer de Sant Salvador, 44, 08291 Ripollet, BarcelonaCorreu electr\u00f2nic: minguetdepau@gmail.com Tel\u00e8fon: 654 517 517Nom comercial: [&hellip;]<\/p>","protected":false},"author":1,"featured_media":0,"parent":0,"menu_order":0,"comment_status":"closed","ping_status":"closed","template":"","meta":{"site-sidebar-layout":"no-sidebar","site-content-layout":"page-builder","ast-site-content-layout":"full-width-container","site-content-style":"unboxed","site-sidebar-style":"unboxed","ast-global-header-display":"","ast-banner-title-visibility":"","ast-main-header-display":"","ast-hfb-above-header-display":"","ast-hfb-below-header-display":"","ast-hfb-mobile-header-display":"","site-post-title":"disabled","ast-breadcrumbs-content":"","ast-featured-img":"disabled","footer-sml-layout":"","theme-transparent-header-meta":"enabled","adv-header-id-meta":"","stick-header-meta":"","header-above-stick-meta":"","header-main-stick-meta":"","header-below-stick-meta":"","astra-migrate-meta-layouts":"set","ast-page-background-enabled":"default","ast-page-background-meta":{"desktop":{"background-color":"","background-image":"","background-repeat":"repeat","background-position":"center center","background-size":"auto","background-attachment":"scroll","background-type":"","background-media":"","overlay-type":"","overlay-color":"","overlay-opacity":"","overlay-gradient":""},"tablet":{"background-color":"","background-image":"","background-repeat":"repeat","background-position":"center center","background-size":"auto","background-attachment":"scroll","background-type":"","background-media":"","overlay-type":"","overlay-color":"","overlay-opacity":"","overlay-gradient":""},"mobile":{"background-color":"","background-image":"","background-repeat":"repeat","background-position":"center center","background-size":"auto","background-attachment":"scroll","background-type":"","background-media":"","overlay-type":"","overlay-color":"","overlay-opacity":"","overlay-gradient":""}},"ast-content-background-meta":{"desktop":{"background-color":"var(--ast-global-color-5)","background-image":"","background-repeat":"repeat","background-position":"center center","background-size":"auto","background-attachment":"scroll","background-type":"","background-media":"","overlay-type":"","overlay-color":"","overlay-opacity":"","overlay-gradient":""},"tablet":{"background-color":"var(--ast-global-color-5)","background-image":"","background-repeat":"repeat","background-position":"center center","background-size":"auto","background-attachment":"scroll","background-type":"","background-media":"","overlay-type":"","overlay-color":"","overlay-opacity":"","overlay-gradient":""},"mobile":{"background-color":"var(--ast-global-color-5)","background-image":"","background-repeat":"repeat","background-position":"center center","background-size":"auto","background-attachment":"scroll","background-type":"","background-media":"","overlay-type":"","overlay-color":"","overlay-opacity":"","overlay-gradient":""}},"footnotes":""},"class_list":["post-1824","page","type-page","status-publish","hentry"],"_links":{"self":[{"href":"https:\/\/apassionat.com\/es\/wp-json\/wp\/v2\/pages\/1824","targetHints":{"allow":["GET"]}}],"collection":[{"href":"https:\/\/apassionat.com\/es\/wp-json\/wp\/v2\/pages"}],"about":[{"href":"https:\/\/apassionat.com\/es\/wp-json\/wp\/v2\/types\/page"}],"author":[{"embeddable":true,"href":"https:\/\/apassionat.com\/es\/wp-json\/wp\/v2\/users\/1"}],"replies":[{"embeddable":true,"href":"https:\/\/apassionat.com\/es\/wp-json\/wp\/v2\/comments?post=1824"}],"version-history":[{"count":5,"href":"https:\/\/apassionat.com\/es\/wp-json\/wp\/v2\/pages\/1824\/revisions"}],"predecessor-version":[{"id":2191,"href":"https:\/\/apassionat.com\/es\/wp-json\/wp\/v2\/pages\/1824\/revisions\/2191"}],"wp:attachment":[{"href":"https:\/\/apassionat.com\/es\/wp-json\/wp\/v2\/media?parent=1824"}],"curies":[{"name":"wp","href":"https:\/\/api.w.org\/{rel}","templated":true}]}}