{"id":1407,"date":"2025-04-21T11:02:26","date_gmt":"2025-04-21T11:02:26","guid":{"rendered":"https:\/\/apassionat.w3bcn.es\/?page_id=1407"},"modified":"2025-09-08T10:28:29","modified_gmt":"2025-09-08T10:28:29","slug":"ecologic-2","status":"publish","type":"page","link":"https:\/\/apassionat.com\/es\/ecologic-2\/","title":{"rendered":"ecol\u00f2gic"},"content":{"rendered":"<div data-elementor-type=\"wp-page\" data-elementor-id=\"1407\" class=\"elementor elementor-1407\" data-elementor-post-type=\"page\">\n\t\t\t\t<div class=\"elementor-element elementor-element-0602acb e-con-full e-flex e-con e-parent\" data-id=\"0602acb\" data-element_type=\"container\">\n\t\t<div class=\"elementor-element elementor-element-f6df8da e-con-full e-flex e-con e-child\" data-id=\"f6df8da\" data-element_type=\"container\" data-settings=\"{&quot;background_background&quot;:&quot;classic&quot;}\">\n\t\t<div class=\"elementor-element elementor-element-fe6a729 e-con-full e-flex e-con e-child\" data-id=\"fe6a729\" data-element_type=\"container\">\n\t\t\t\t<div class=\"elementor-element elementor-element-c7345d2 elementor-widget elementor-widget-heading\" data-id=\"c7345d2\" data-element_type=\"widget\" data-widget_type=\"heading.default\">\n\t\t\t\t<div class=\"elementor-widget-container\">\n\t\t\t\t\t<h1 class=\"elementor-heading-title elementor-size-default\">De la semilla al pan<\/h1>\t\t\t\t<\/div>\n\t\t\t\t<\/div>\n\t\t\t\t<\/div>\n\t\t\t\t<\/div>\n\t\t\t\t<\/div>\n\t\t<div class=\"elementor-element elementor-element-30e0937 e-flex e-con-boxed e-con e-parent\" data-id=\"30e0937\" data-element_type=\"container\" data-settings=\"{&quot;background_background&quot;:&quot;classic&quot;}\">\n\t\t\t\t\t<div class=\"e-con-inner\">\n\t\t\t\t<div class=\"elementor-element elementor-element-95d7ad4 elementor-widget elementor-widget-heading\" data-id=\"95d7ad4\" data-element_type=\"widget\" data-widget_type=\"heading.default\">\n\t\t\t\t<div class=\"elementor-widget-container\">\n\t\t\t\t\t<h2 class=\"elementor-heading-title elementor-size-default\">Producto Ecol\u00f3gico Premium<\/h2>\t\t\t\t<\/div>\n\t\t\t\t<\/div>\n\t\t\t\t<div class=\"elementor-element elementor-element-9fd3aa3 elementor-widget elementor-widget-heading\" data-id=\"9fd3aa3\" data-element_type=\"widget\" data-widget_type=\"heading.default\">\n\t\t\t\t<div class=\"elementor-widget-container\">\n\t\t\t\t\t<h6 class=\"elementor-heading-title elementor-size-default\">Elaborados con harina ecol\u00f3gica de cosecha propia.  Con el certificado ecol\u00f3gico del CCPAE.\n\n<\/h6>\t\t\t\t<\/div>\n\t\t\t\t<\/div>\n\t\t<div class=\"elementor-element elementor-element-1e6a7b9 e-con-full e-flex e-con e-child\" data-id=\"1e6a7b9\" data-element_type=\"container\">\n\t\t\t\t<div class=\"elementor-element elementor-element-f3f8a00 elementor-widget elementor-widget-image\" data-id=\"f3f8a00\" data-element_type=\"widget\" data-widget_type=\"image.default\">\n\t\t\t\t<div class=\"elementor-widget-container\">\n\t\t\t\t\t\t\t\t\t\t\t\t\t\t\t<img fetchpriority=\"high\" decoding=\"async\" width=\"619\" height=\"1024\" src=\"https:\/\/apassionat.com\/wp-content\/uploads\/2025\/04\/CCPAE_JPG_cmyk-619x1024.webp\" class=\"attachment-large size-large wp-image-1409\" alt=\"\" srcset=\"https:\/\/apassionat.com\/wp-content\/uploads\/2025\/04\/CCPAE_JPG_cmyk-619x1024.webp 619w, https:\/\/apassionat.com\/wp-content\/uploads\/2025\/04\/CCPAE_JPG_cmyk-600x993.webp 600w, https:\/\/apassionat.com\/wp-content\/uploads\/2025\/04\/CCPAE_JPG_cmyk-181x300.webp 181w, https:\/\/apassionat.com\/wp-content\/uploads\/2025\/04\/CCPAE_JPG_cmyk-768x1271.webp 768w, https:\/\/apassionat.com\/wp-content\/uploads\/2025\/04\/CCPAE_JPG_cmyk-928x1536.webp 928w, https:\/\/apassionat.com\/wp-content\/uploads\/2025\/04\/CCPAE_JPG_cmyk.webp 1160w\" sizes=\"(max-width: 619px) 100vw, 619px\" \/>\t\t\t\t\t\t\t\t\t\t\t\t\t\t\t<\/div>\n\t\t\t\t<\/div>\n\t\t\t\t<div class=\"elementor-element elementor-element-b9e7b02 elementor-widget elementor-widget-image\" data-id=\"b9e7b02\" data-element_type=\"widget\" data-widget_type=\"image.default\">\n\t\t\t\t<div class=\"elementor-widget-container\">\n\t\t\t\t\t\t\t\t\t\t\t\t\t\t\t<img decoding=\"async\" width=\"500\" height=\"333\" src=\"https:\/\/apassionat.com\/wp-content\/uploads\/2025\/04\/UE_JPG_verd_linia.webp\" class=\"attachment-large size-large wp-image-1410\" alt=\"\" srcset=\"https:\/\/apassionat.com\/wp-content\/uploads\/2025\/04\/UE_JPG_verd_linia.webp 500w, https:\/\/apassionat.com\/wp-content\/uploads\/2025\/04\/UE_JPG_verd_linia-300x200.webp 300w\" sizes=\"(max-width: 500px) 100vw, 500px\" \/>\t\t\t\t\t\t\t\t\t\t\t\t\t\t\t<\/div>\n\t\t\t\t<\/div>\n\t\t\t\t<\/div>\n\t\t\t\t\t<\/div>\n\t\t\t\t<\/div>\n\t\t<div class=\"elementor-element elementor-element-cf98510 e-con-full e-flex e-con e-parent\" data-id=\"cf98510\" data-element_type=\"container\">\n\t\t<div class=\"elementor-element elementor-element-0263022 e-flex e-con-boxed e-con e-child\" data-id=\"0263022\" data-element_type=\"container\" data-settings=\"{&quot;background_background&quot;:&quot;classic&quot;}\">\n\t\t\t\t\t<div class=\"e-con-inner\">\n\t\t\t\t\t<\/div>\n\t\t\t\t<\/div>\n\t\t<div class=\"elementor-element elementor-element-86141a4 e-flex e-con-boxed e-con e-child\" data-id=\"86141a4\" data-element_type=\"container\" data-settings=\"{&quot;background_background&quot;:&quot;classic&quot;}\">\n\t\t\t\t\t<div class=\"e-con-inner\">\n\t\t<div class=\"elementor-element elementor-element-370bbbf e-con-full e-flex e-con e-child\" data-id=\"370bbbf\" data-element_type=\"container\">\n\t\t\t\t<div class=\"elementor-element elementor-element-6149e10 elementor-widget elementor-widget-heading\" data-id=\"6149e10\" data-element_type=\"widget\" data-widget_type=\"heading.default\">\n\t\t\t\t<div class=\"elementor-widget-container\">\n\t\t\t\t\t<h2 class=\"elementor-heading-title elementor-size-default\">Pan ecol\u00f3gico \n\n<\/h2>\t\t\t\t<\/div>\n\t\t\t\t<\/div>\n\t\t\t\t<div class=\"elementor-element elementor-element-d2a2864 elementor-widget elementor-widget-heading\" data-id=\"d2a2864\" data-element_type=\"widget\" data-widget_type=\"heading.default\">\n\t\t\t\t<div class=\"elementor-widget-container\">\n\t\t\t\t\t<h5 class=\"elementor-heading-title elementor-size-default\">Pes: 450 gr.\n<\/h5>\t\t\t\t<\/div>\n\t\t\t\t<\/div>\n\t\t\t\t<div class=\"elementor-element elementor-element-021d45f elementor-widget elementor-widget-heading\" data-id=\"021d45f\" data-element_type=\"widget\" data-widget_type=\"heading.default\">\n\t\t\t\t<div class=\"elementor-widget-container\">\n\t\t\t\t\t<h5 class=\"elementor-heading-title elementor-size-default\">Elaborado con harina de espelta y florence aurora, dos variedades de trigo antiguas, que junto con la masa madre y la larga fermentaci\u00f3n, favorecen la digesti\u00f3n.\nIntegral 100%, por lo que es rico en fibra. Costra crujiente con un interior suave.<\/h5>\t\t\t\t<\/div>\n\t\t\t\t<\/div>\n\t\t\t\t<\/div>\n\t\t\t\t\t<\/div>\n\t\t\t\t<\/div>\n\t\t\t\t<\/div>\n\t\t<div class=\"elementor-element elementor-element-f953f67 e-con-full e-flex e-con e-parent\" data-id=\"f953f67\" data-element_type=\"container\">\n\t\t<div class=\"elementor-element elementor-element-523fe30 e-flex e-con-boxed e-con e-child\" data-id=\"523fe30\" data-element_type=\"container\" data-settings=\"{&quot;background_background&quot;:&quot;classic&quot;}\">\n\t\t\t\t\t<div class=\"e-con-inner\">\n\t\t<div class=\"elementor-element elementor-element-e7290b3 e-con-full e-flex e-con e-child\" data-id=\"e7290b3\" data-element_type=\"container\">\n\t\t\t\t<div class=\"elementor-element elementor-element-fe00589 elementor-widget elementor-widget-heading\" data-id=\"fe00589\" data-element_type=\"widget\" data-widget_type=\"heading.default\">\n\t\t\t\t<div class=\"elementor-widget-container\">\n\t\t\t\t\t<h2 class=\"elementor-heading-title elementor-size-default\">Molde ecol\u00f3gico\n\n\n<\/h2>\t\t\t\t<\/div>\n\t\t\t\t<\/div>\n\t\t\t\t<div class=\"elementor-element elementor-element-2ed5946 elementor-widget elementor-widget-heading\" data-id=\"2ed5946\" data-element_type=\"widget\" data-widget_type=\"heading.default\">\n\t\t\t\t<div class=\"elementor-widget-container\">\n\t\t\t\t\t<h5 class=\"elementor-heading-title elementor-size-default\">Pes: 450 gr.\n<\/h5>\t\t\t\t<\/div>\n\t\t\t\t<\/div>\n\t\t\t\t<div class=\"elementor-element elementor-element-dd80300 elementor-widget elementor-widget-heading\" data-id=\"dd80300\" data-element_type=\"widget\" data-widget_type=\"heading.default\">\n\t\t\t\t<div class=\"elementor-widget-container\">\n\t\t\t\t\t<h5 class=\"elementor-heading-title elementor-size-default\">Elaborado con harina de espelta y florence aurora, 100% integral.\nIdeal para todos aquellos que quieren un pan blando, sin necesidad de a\u00f1adir ning\u00fan tipo de grasa.\n<\/h5>\t\t\t\t<\/div>\n\t\t\t\t<\/div>\n\t\t\t\t<\/div>\n\t\t\t\t\t<\/div>\n\t\t\t\t<\/div>\n\t\t<div class=\"elementor-element elementor-element-2998fe9 e-flex e-con-boxed e-con e-child\" data-id=\"2998fe9\" data-element_type=\"container\" data-settings=\"{&quot;background_background&quot;:&quot;classic&quot;}\">\n\t\t\t\t\t<div class=\"e-con-inner\">\n\t\t\t\t\t<\/div>\n\t\t\t\t<\/div>\n\t\t\t\t<\/div>\n\t\t<div class=\"elementor-element elementor-element-c5733b6 e-con-full e-flex e-con e-parent\" data-id=\"c5733b6\" data-element_type=\"container\">\n\t\t<div class=\"elementor-element elementor-element-b7a2745 e-flex e-con-boxed e-con e-child\" data-id=\"b7a2745\" data-element_type=\"container\" data-settings=\"{&quot;background_background&quot;:&quot;classic&quot;}\">\n\t\t\t\t\t<div class=\"e-con-inner\">\n\t\t\t\t\t<\/div>\n\t\t\t\t<\/div>\n\t\t<div class=\"elementor-element elementor-element-270ec6a e-flex e-con-boxed e-con e-child\" data-id=\"270ec6a\" data-element_type=\"container\" data-settings=\"{&quot;background_background&quot;:&quot;classic&quot;}\">\n\t\t\t\t\t<div class=\"e-con-inner\">\n\t\t<div class=\"elementor-element elementor-element-8e24ac3 e-con-full e-flex e-con e-child\" data-id=\"8e24ac3\" data-element_type=\"container\">\n\t\t\t\t<div class=\"elementor-element elementor-element-598b29f elementor-widget elementor-widget-heading\" data-id=\"598b29f\" data-element_type=\"widget\" data-widget_type=\"heading.default\">\n\t\t\t\t<div class=\"elementor-widget-container\">\n\t\t\t\t\t<h2 class=\"elementor-heading-title elementor-size-default\">Rosquillitas ecol\u00f3gicas\n\n\n<\/h2>\t\t\t\t<\/div>\n\t\t\t\t<\/div>\n\t\t\t\t<div class=\"elementor-element elementor-element-5e7fcf1 elementor-widget elementor-widget-heading\" data-id=\"5e7fcf1\" data-element_type=\"widget\" data-widget_type=\"heading.default\">\n\t\t\t\t<div class=\"elementor-widget-container\">\n\t\t\t\t\t<h5 class=\"elementor-heading-title elementor-size-default\">Bolsa de 9 unidades.\n<\/h5>\t\t\t\t<\/div>\n\t\t\t\t<\/div>\n\t\t\t\t<div class=\"elementor-element elementor-element-b37e12a elementor-widget elementor-widget-heading\" data-id=\"b37e12a\" data-element_type=\"widget\" data-widget_type=\"heading.default\">\n\t\t\t\t<div class=\"elementor-widget-container\">\n\t\t\t\t\t<h5 class=\"elementor-heading-title elementor-size-default\">Elaboradas con harina de espelta integral 100% y quinoa, que le da un punto crujiente espectacular.\nSnack saludable que agrada a grandes y peque\u00f1os.<\/h5>\t\t\t\t<\/div>\n\t\t\t\t<\/div>\n\t\t\t\t<\/div>\n\t\t\t\t\t<\/div>\n\t\t\t\t<\/div>\n\t\t\t\t<\/div>\n\t\t\t\t<\/div>","protected":false},"excerpt":{"rendered":"<p>De la llavor al pa Producte Ecol\u00f3gic Premium Elaborats amb farina ecol\u00f2gica de collita pr\u00f2pia. Amb el certificat ecol\u00f2gic del CCPAE. Pa ecol\u00f2gic Pes: 450 gr. Elaborat amb farina d&#8217;espelta i florence aurora, dues varietats de blat antigues, que juntament amb la massa mare i la llarga fermentaci\u00f3, afavoreixen la digesti\u00f3. Integral 100%, per lo [&hellip;]<\/p>","protected":false},"author":1,"featured_media":0,"parent":0,"menu_order":0,"comment_status":"closed","ping_status":"closed","template":"","meta":{"site-sidebar-layout":"no-sidebar","site-content-layout":"page-builder","ast-site-content-layout":"full-width-container","site-content-style":"unboxed","site-sidebar-style":"unboxed","ast-global-header-display":"","ast-banner-title-visibility":"","ast-main-header-display":"","ast-hfb-above-header-display":"","ast-hfb-below-header-display":"","ast-hfb-mobile-header-display":"","site-post-title":"disabled","ast-breadcrumbs-content":"","ast-featured-img":"disabled","footer-sml-layout":"","theme-transparent-header-meta":"enabled","adv-header-id-meta":"","stick-header-meta":"","header-above-stick-meta":"","header-main-stick-meta":"","header-below-stick-meta":"","astra-migrate-meta-layouts":"set","ast-page-background-enabled":"default","ast-page-background-meta":{"desktop":{"background-color":"","background-image":"","background-repeat":"repeat","background-position":"center center","background-size":"auto","background-attachment":"scroll","background-type":"","background-media":"","overlay-type":"","overlay-color":"","overlay-opacity":"","overlay-gradient":""},"tablet":{"background-color":"","background-image":"","background-repeat":"repeat","background-position":"center center","background-size":"auto","background-attachment":"scroll","background-type":"","background-media":"","overlay-type":"","overlay-color":"","overlay-opacity":"","overlay-gradient":""},"mobile":{"background-color":"","background-image":"","background-repeat":"repeat","background-position":"center center","background-size":"auto","background-attachment":"scroll","background-type":"","background-media":"","overlay-type":"","overlay-color":"","overlay-opacity":"","overlay-gradient":""}},"ast-content-background-meta":{"desktop":{"background-color":"var(--ast-global-color-5)","background-image":"","background-repeat":"repeat","background-position":"center center","background-size":"auto","background-attachment":"scroll","background-type":"","background-media":"","overlay-type":"","overlay-color":"","overlay-opacity":"","overlay-gradient":""},"tablet":{"background-color":"var(--ast-global-color-5)","background-image":"","background-repeat":"repeat","background-position":"center center","background-size":"auto","background-attachment":"scroll","background-type":"","background-media":"","overlay-type":"","overlay-color":"","overlay-opacity":"","overlay-gradient":""},"mobile":{"background-color":"var(--ast-global-color-5)","background-image":"","background-repeat":"repeat","background-position":"center center","background-size":"auto","background-attachment":"scroll","background-type":"","background-media":"","overlay-type":"","overlay-color":"","overlay-opacity":"","overlay-gradient":""}},"footnotes":""},"class_list":["post-1407","page","type-page","status-publish","hentry"],"_links":{"self":[{"href":"https:\/\/apassionat.com\/es\/wp-json\/wp\/v2\/pages\/1407","targetHints":{"allow":["GET"]}}],"collection":[{"href":"https:\/\/apassionat.com\/es\/wp-json\/wp\/v2\/pages"}],"about":[{"href":"https:\/\/apassionat.com\/es\/wp-json\/wp\/v2\/types\/page"}],"author":[{"embeddable":true,"href":"https:\/\/apassionat.com\/es\/wp-json\/wp\/v2\/users\/1"}],"replies":[{"embeddable":true,"href":"https:\/\/apassionat.com\/es\/wp-json\/wp\/v2\/comments?post=1407"}],"version-history":[{"count":5,"href":"https:\/\/apassionat.com\/es\/wp-json\/wp\/v2\/pages\/1407\/revisions"}],"predecessor-version":[{"id":1665,"href":"https:\/\/apassionat.com\/es\/wp-json\/wp\/v2\/pages\/1407\/revisions\/1665"}],"wp:attachment":[{"href":"https:\/\/apassionat.com\/es\/wp-json\/wp\/v2\/media?parent=1407"}],"curies":[{"name":"wp","href":"https:\/\/api.w.org\/{rel}","templated":true}]}}