{"id":1381,"date":"2025-04-17T11:44:15","date_gmt":"2025-04-17T11:44:15","guid":{"rendered":"https:\/\/apassionat.w3bcn.es\/?page_id=1381"},"modified":"2026-01-23T13:10:36","modified_gmt":"2026-01-23T13:10:36","slug":"qui-som","status":"publish","type":"page","link":"https:\/\/apassionat.com\/es\/qui-som\/","title":{"rendered":"Quienes somos"},"content":{"rendered":"<div data-elementor-type=\"wp-page\" data-elementor-id=\"1381\" class=\"elementor elementor-1381\" data-elementor-post-type=\"page\">\n\t\t\t\t<div class=\"elementor-element elementor-element-0602acb e-con-full e-flex e-con e-parent\" data-id=\"0602acb\" data-element_type=\"container\">\n\t\t<div class=\"elementor-element elementor-element-f6df8da e-con-full e-flex e-con e-child\" data-id=\"f6df8da\" data-element_type=\"container\" data-settings=\"{&quot;background_background&quot;:&quot;classic&quot;}\">\n\t\t<div class=\"elementor-element elementor-element-fe6a729 e-con-full e-flex e-con e-child\" data-id=\"fe6a729\" data-element_type=\"container\">\n\t\t\t\t<div class=\"elementor-element elementor-element-c7345d2 elementor-widget elementor-widget-heading\" data-id=\"c7345d2\" data-element_type=\"widget\" data-widget_type=\"heading.default\">\n\t\t\t\t<div class=\"elementor-widget-container\">\n\t\t\t\t\t<h1 class=\"elementor-heading-title elementor-size-default\">Qui\u00e9nes somos en Apassiona't<\/h1>\t\t\t\t<\/div>\n\t\t\t\t<\/div>\n\t\t\t\t<\/div>\n\t\t\t\t<\/div>\n\t\t\t\t<\/div>\n\t\t<div class=\"elementor-element elementor-element-cf98510 e-con-full e-flex e-con e-parent\" data-id=\"cf98510\" data-element_type=\"container\">\n\t\t<div class=\"elementor-element elementor-element-0263022 e-flex e-con-boxed e-con e-child\" data-id=\"0263022\" data-element_type=\"container\" data-settings=\"{&quot;background_background&quot;:&quot;classic&quot;}\">\n\t\t\t\t\t<div class=\"e-con-inner\">\n\t\t\t\t\t<\/div>\n\t\t\t\t<\/div>\n\t\t<div class=\"elementor-element elementor-element-86141a4 e-flex e-con-boxed e-con e-child\" data-id=\"86141a4\" data-element_type=\"container\" data-settings=\"{&quot;background_background&quot;:&quot;classic&quot;}\">\n\t\t\t\t\t<div class=\"e-con-inner\">\n\t\t<div class=\"elementor-element elementor-element-370bbbf e-con-full e-flex e-con e-child\" data-id=\"370bbbf\" data-element_type=\"container\">\n\t\t\t\t<div class=\"elementor-element elementor-element-6149e10 elementor-widget elementor-widget-heading\" data-id=\"6149e10\" data-element_type=\"widget\" data-widget_type=\"heading.default\">\n\t\t\t\t<div class=\"elementor-widget-container\">\n\t\t\t\t\t<h2 class=\"elementor-heading-title elementor-size-default\">Panaderos, artesanos y aPAsionados\n\n<\/h2>\t\t\t\t<\/div>\n\t\t\t\t<\/div>\n\t\t\t\t<div class=\"elementor-element elementor-element-d2a2864 elementor-widget elementor-widget-heading\" data-id=\"d2a2864\" data-element_type=\"widget\" data-widget_type=\"heading.default\">\n\t\t\t\t<div class=\"elementor-widget-container\">\n\t\t\t\t\t<h5 class=\"elementor-heading-title elementor-size-default\">Somos la cuarta generaci\u00f3n de una familia de panaderos.\n\nActualmente, seguimos ejerciendo el oficio fieles a nuestros or\u00edgenes artesanos, introduciendo la innovaci\u00f3n y las inquietudes inherentes a las nuevas generaciones.\n\nElaboramos el pan cuidando todo el proceso productivo, respetando el tiempo necesario para cada pieza, con largas fermentaciones y con nuestra masa madre, que refrescamos diariamente con mucho cuidado, con el objetivo de obtener un pan nutritivo, sabroso, con buen aroma y larga conservaci\u00f3n.\n<\/h5>\t\t\t\t<\/div>\n\t\t\t\t<\/div>\n\t\t\t\t<\/div>\n\t\t\t\t\t<\/div>\n\t\t\t\t<\/div>\n\t\t\t\t<\/div>\n\t\t<div class=\"elementor-element elementor-element-f953f67 e-con-full e-flex e-con e-parent\" data-id=\"f953f67\" data-element_type=\"container\">\n\t\t<div class=\"elementor-element elementor-element-523fe30 e-flex e-con-boxed e-con e-child\" data-id=\"523fe30\" data-element_type=\"container\" data-settings=\"{&quot;background_background&quot;:&quot;classic&quot;}\">\n\t\t\t\t\t<div class=\"e-con-inner\">\n\t\t<div class=\"elementor-element elementor-element-e7290b3 e-con-full e-flex e-con e-child\" data-id=\"e7290b3\" data-element_type=\"container\">\n\t\t\t\t<div class=\"elementor-element elementor-element-fe00589 elementor-widget elementor-widget-heading\" data-id=\"fe00589\" data-element_type=\"widget\" data-widget_type=\"heading.default\">\n\t\t\t\t<div class=\"elementor-widget-container\">\n\t\t\t\t\t<h2 class=\"elementor-heading-title elementor-size-default\">Roberto Juan\n\n\n<\/h2>\t\t\t\t<\/div>\n\t\t\t\t<\/div>\n\t\t\t\t<div class=\"elementor-element elementor-element-2ed5946 elementor-widget elementor-widget-heading\" data-id=\"2ed5946\" data-element_type=\"widget\" data-widget_type=\"heading.default\">\n\t\t\t\t<div class=\"elementor-widget-container\">\n\t\t\t\t\t<h5 class=\"elementor-heading-title elementor-size-default\">Roberto Juan es la cuarta generaci\u00f3n de esta familia de panaderos.\n\nSu pasi\u00f3n por el oficio la lleva innata, y la desarroll\u00f3 en el obrador familiar situado en la Salzadella, un pueblo de Castell\u00f3n donde trabajaban sus padres y su t\u00edo.\n\nEstudi\u00f3 pasteler\u00eda y panader\u00eda, primero en Castell\u00f3n y posteriormente, sus inquietudes y ganas de aprender, le llevaron hasta Barcelona, \u200b\u200bdonde compaginaba estudios con su trabajo en varios obradores de renombre donde fue ampliando experiencia y conocimientos, y donde se consolid\u00f3 muy profesionalmente.<\/h5>\t\t\t\t<\/div>\n\t\t\t\t<\/div>\n\t\t\t\t<\/div>\n\t\t\t\t\t<\/div>\n\t\t\t\t<\/div>\n\t\t<div class=\"elementor-element elementor-element-2998fe9 e-flex e-con-boxed e-con e-child\" data-id=\"2998fe9\" data-element_type=\"container\" data-settings=\"{&quot;background_background&quot;:&quot;classic&quot;}\">\n\t\t\t\t\t<div class=\"e-con-inner\">\n\t\t\t\t\t<\/div>\n\t\t\t\t<\/div>\n\t\t\t\t<\/div>\n\t\t<div class=\"elementor-element elementor-element-c5733b6 e-con-full e-flex e-con e-parent\" data-id=\"c5733b6\" data-element_type=\"container\">\n\t\t<div class=\"elementor-element elementor-element-b7a2745 e-flex e-con-boxed e-con e-child\" data-id=\"b7a2745\" data-element_type=\"container\" data-settings=\"{&quot;background_background&quot;:&quot;classic&quot;}\">\n\t\t\t\t\t<div class=\"e-con-inner\">\n\t\t\t\t\t<\/div>\n\t\t\t\t<\/div>\n\t\t<div class=\"elementor-element elementor-element-270ec6a e-flex e-con-boxed e-con e-child\" data-id=\"270ec6a\" data-element_type=\"container\" data-settings=\"{&quot;background_background&quot;:&quot;classic&quot;}\">\n\t\t\t\t\t<div class=\"e-con-inner\">\n\t\t<div class=\"elementor-element elementor-element-8e24ac3 e-con-full e-flex e-con e-child\" data-id=\"8e24ac3\" data-element_type=\"container\">\n\t\t\t\t<div class=\"elementor-element elementor-element-5e7fcf1 elementor-widget elementor-widget-heading\" data-id=\"5e7fcf1\" data-element_type=\"widget\" data-widget_type=\"heading.default\">\n\t\t\t\t<div class=\"elementor-widget-container\">\n\t\t\t\t\t<h5 class=\"elementor-heading-title elementor-size-default\">En el a\u00f1o 2016 decidi\u00f3 abrir su propio obrador y tienda. En ese momento naci\u00f3 El Forn del Barri, de la mano de Roberto Juan, situado en Barcelona.\n\nContagia pasi\u00f3n y entusiasmo all\u00e1 donde va. Tanto es as\u00ed que, en el a\u00f1o 2018, da un paso m\u00e1s all\u00e1 y, junto a su mujer Eva, inicia este proyecto en Ripollet, abriendo el obrador aPAssiona\u2019t.<\/h5>\t\t\t\t<\/div>\n\t\t\t\t<\/div>\n\t\t\t\t<\/div>\n\t\t\t\t\t<\/div>\n\t\t\t\t<\/div>\n\t\t\t\t<\/div>\n\t\t<div class=\"elementor-element elementor-element-a83fd71 e-con-full e-flex e-con e-parent\" data-id=\"a83fd71\" data-element_type=\"container\">\n\t\t<div class=\"elementor-element elementor-element-0765b93 e-flex e-con-boxed e-con e-child\" data-id=\"0765b93\" data-element_type=\"container\" data-settings=\"{&quot;background_background&quot;:&quot;classic&quot;}\">\n\t\t\t\t\t<div class=\"e-con-inner\">\n\t\t<div class=\"elementor-element elementor-element-17c32d7 e-con-full e-flex e-con e-child\" data-id=\"17c32d7\" data-element_type=\"container\">\n\t\t\t\t<div class=\"elementor-element elementor-element-58ada09 elementor-widget elementor-widget-heading\" data-id=\"58ada09\" data-element_type=\"widget\" data-widget_type=\"heading.default\">\n\t\t\t\t<div class=\"elementor-widget-container\">\n\t\t\t\t\t<h2 class=\"elementor-heading-title elementor-size-default\">100 a\u00f1os de historia\n\n<\/h2>\t\t\t\t<\/div>\n\t\t\t\t<\/div>\n\t\t\t\t<div class=\"elementor-element elementor-element-52f7263 elementor-widget elementor-widget-heading\" data-id=\"52f7263\" data-element_type=\"widget\" data-widget_type=\"heading.default\">\n\t\t\t\t<div class=\"elementor-widget-container\">\n\t\t\t\t\t<h5 class=\"elementor-heading-title elementor-size-default\">Este 2026, en Apassiona\u2019t celebramos 100 a\u00f1os de historia, un siglo dedicado a la panader\u00eda y pasteler\u00eda artesana. Cuatro generaciones trabajando con pasi\u00f3n, respeto por la tradici\u00f3n y ganas de evolucionar, manteniendo vivo el oficio y el sabor de siempre.<\/h5>\t\t\t\t<\/div>\n\t\t\t\t<\/div>\n\t\t\t\t<div class=\"elementor-element elementor-element-5096da8 elementor-widget elementor-widget-heading\" data-id=\"5096da8\" data-element_type=\"widget\" data-widget_type=\"heading.default\">\n\t\t\t\t<div class=\"elementor-widget-container\">\n\t\t\t\t\t<h5 class=\"elementor-heading-title elementor-size-default\">Gracias por formar parte de nuestro camino.<\/h5>\t\t\t\t<\/div>\n\t\t\t\t<\/div>\n\t\t\t\t<\/div>\n\t\t\t\t\t<\/div>\n\t\t\t\t<\/div>\n\t\t<div class=\"elementor-element elementor-element-84beb31 e-flex e-con-boxed e-con e-child\" data-id=\"84beb31\" data-element_type=\"container\" data-settings=\"{&quot;background_background&quot;:&quot;classic&quot;}\">\n\t\t\t\t\t<div class=\"e-con-inner\">\n\t\t\t\t\t<\/div>\n\t\t\t\t<\/div>\n\t\t\t\t<\/div>\n\t\t<div class=\"elementor-element elementor-element-d1d5230 e-flex e-con-boxed e-con e-parent\" data-id=\"d1d5230\" data-element_type=\"container\" data-settings=\"{&quot;background_background&quot;:&quot;classic&quot;}\">\n\t\t\t\t\t<div class=\"e-con-inner\">\n\t\t\t\t<div class=\"elementor-element elementor-element-74ddf23 elementor-widget elementor-widget-image\" data-id=\"74ddf23\" data-element_type=\"widget\" data-widget_type=\"image.default\">\n\t\t\t\t<div class=\"elementor-widget-container\">\n\t\t\t\t\t\t\t\t\t\t\t\t\t\t\t<img fetchpriority=\"high\" decoding=\"async\" width=\"1024\" height=\"459\" src=\"https:\/\/apassionat.com\/wp-content\/uploads\/2025\/04\/apassionat-logo-letras-blancas_png_resolucion@3x-1024x459.png\" class=\"attachment-large size-large wp-image-1912\" alt=\"\" srcset=\"https:\/\/apassionat.com\/wp-content\/uploads\/2025\/04\/apassionat-logo-letras-blancas_png_resolucion@3x-1024x459.png 1024w, https:\/\/apassionat.com\/wp-content\/uploads\/2025\/04\/apassionat-logo-letras-blancas_png_resolucion@3x-300x134.png 300w, https:\/\/apassionat.com\/wp-content\/uploads\/2025\/04\/apassionat-logo-letras-blancas_png_resolucion@3x-768x344.png 768w, https:\/\/apassionat.com\/wp-content\/uploads\/2025\/04\/apassionat-logo-letras-blancas_png_resolucion@3x-1536x689.png 1536w, https:\/\/apassionat.com\/wp-content\/uploads\/2025\/04\/apassionat-logo-letras-blancas_png_resolucion@3x-2048x918.png 2048w, https:\/\/apassionat.com\/wp-content\/uploads\/2025\/04\/apassionat-logo-letras-blancas_png_resolucion@3x-18x8.png 18w, https:\/\/apassionat.com\/wp-content\/uploads\/2025\/04\/apassionat-logo-letras-blancas_png_resolucion@3x-600x269.png 600w\" sizes=\"(max-width: 1024px) 100vw, 1024px\" \/>\t\t\t\t\t\t\t\t\t\t\t\t\t\t\t<\/div>\n\t\t\t\t<\/div>\n\t\t\t\t\t<\/div>\n\t\t\t\t<\/div>\n\t\t\t\t<\/div>","protected":false},"excerpt":{"rendered":"<p>Qui som a Apassiona&#8217;t Forners, artesans i aPAssionats Som la quarta generaci\u00f3 d&#8217;una fam\u00edlia de flequers. Actualment, continuem exercint l&#8217;ofici fidels als nostres or\u00edgens artesans, introdu\u00efnt la innovaci\u00f3 i les inquietuds innherents a les noves generacions. Elaborem el pa cuidant tot el proc\u00e9s productiu, respectant el temps necessari per a cada pe\u00e7a, amb llargues fermentacions [&hellip;]<\/p>","protected":false},"author":1,"featured_media":0,"parent":0,"menu_order":0,"comment_status":"closed","ping_status":"closed","template":"","meta":{"site-sidebar-layout":"no-sidebar","site-content-layout":"page-builder","ast-site-content-layout":"full-width-container","site-content-style":"unboxed","site-sidebar-style":"unboxed","ast-global-header-display":"","ast-banner-title-visibility":"","ast-main-header-display":"","ast-hfb-above-header-display":"","ast-hfb-below-header-display":"","ast-hfb-mobile-header-display":"","site-post-title":"disabled","ast-breadcrumbs-content":"","ast-featured-img":"disabled","footer-sml-layout":"","theme-transparent-header-meta":"enabled","adv-header-id-meta":"","stick-header-meta":"","header-above-stick-meta":"","header-main-stick-meta":"","header-below-stick-meta":"","astra-migrate-meta-layouts":"set","ast-page-background-enabled":"default","ast-page-background-meta":{"desktop":{"background-color":"","background-image":"","background-repeat":"repeat","background-position":"center center","background-size":"auto","background-attachment":"scroll","background-type":"","background-media":"","overlay-type":"","overlay-color":"","overlay-opacity":"","overlay-gradient":""},"tablet":{"background-color":"","background-image":"","background-repeat":"repeat","background-position":"center center","background-size":"auto","background-attachment":"scroll","background-type":"","background-media":"","overlay-type":"","overlay-color":"","overlay-opacity":"","overlay-gradient":""},"mobile":{"background-color":"","background-image":"","background-repeat":"repeat","background-position":"center center","background-size":"auto","background-attachment":"scroll","background-type":"","background-media":"","overlay-type":"","overlay-color":"","overlay-opacity":"","overlay-gradient":""}},"ast-content-background-meta":{"desktop":{"background-color":"var(--ast-global-color-5)","background-image":"","background-repeat":"repeat","background-position":"center center","background-size":"auto","background-attachment":"scroll","background-type":"","background-media":"","overlay-type":"","overlay-color":"","overlay-opacity":"","overlay-gradient":""},"tablet":{"background-color":"var(--ast-global-color-5)","background-image":"","background-repeat":"repeat","background-position":"center center","background-size":"auto","background-attachment":"scroll","background-type":"","background-media":"","overlay-type":"","overlay-color":"","overlay-opacity":"","overlay-gradient":""},"mobile":{"background-color":"var(--ast-global-color-5)","background-image":"","background-repeat":"repeat","background-position":"center center","background-size":"auto","background-attachment":"scroll","background-type":"","background-media":"","overlay-type":"","overlay-color":"","overlay-opacity":"","overlay-gradient":""}},"footnotes":""},"class_list":["post-1381","page","type-page","status-publish","hentry"],"_links":{"self":[{"href":"https:\/\/apassionat.com\/es\/wp-json\/wp\/v2\/pages\/1381","targetHints":{"allow":["GET"]}}],"collection":[{"href":"https:\/\/apassionat.com\/es\/wp-json\/wp\/v2\/pages"}],"about":[{"href":"https:\/\/apassionat.com\/es\/wp-json\/wp\/v2\/types\/page"}],"author":[{"embeddable":true,"href":"https:\/\/apassionat.com\/es\/wp-json\/wp\/v2\/users\/1"}],"replies":[{"embeddable":true,"href":"https:\/\/apassionat.com\/es\/wp-json\/wp\/v2\/comments?post=1381"}],"version-history":[{"count":5,"href":"https:\/\/apassionat.com\/es\/wp-json\/wp\/v2\/pages\/1381\/revisions"}],"predecessor-version":[{"id":2105,"href":"https:\/\/apassionat.com\/es\/wp-json\/wp\/v2\/pages\/1381\/revisions\/2105"}],"wp:attachment":[{"href":"https:\/\/apassionat.com\/es\/wp-json\/wp\/v2\/media?parent=1381"}],"curies":[{"name":"wp","href":"https:\/\/api.w.org\/{rel}","templated":true}]}}